{"id":2,"date":"2016-05-10T03:48:21","date_gmt":"2016-05-10T03:48:21","guid":{"rendered":"http:\/\/lehrinstitut-muenchen.de\/?page_id=2"},"modified":"2020-04-01T17:35:21","modified_gmt":"2020-04-01T17:35:21","slug":"sample-page","status":"publish","type":"page","link":"https:\/\/lehrinstitut-muenchen.de\/","title":{"rendered":"Lehrinstitut Bauer"},"content":{"rendered":"\n<p style=\"text-align: left;\">089 \/ 26 71 37<\/p>\n<p>[tcb_logo target=&#8217;_blank&#8216; href=&#8217;http:\/\/www.lehrinstitut.de&#8216; data-id-d=&#8217;2&#8242; data-css=&#8217;tve-u-170eee21d99&#8242; class=&#8220;][\/tcb_logo]<\/p>\n<p style=\"text-align: center;\">Das Lehrinstitut Bauer<\/p>\n<p style=\"text-align: center; color: rgb(216, 220, 235) !important; --tcb-applied-color:  rgb(216, 220, 235)  !important;\">seit 85 Jahren<\/p>\n<p style=\"text-align: center;\">&#8211; M\u00fcnchens \u00e4lteste Privatschule &#8211;<\/p>\n<p style=\"text-align: left;\">Wie Du als Abg\u00e4nger der staatlichen Schule mit dem privaten Lehrkonzept des <span style=\"color: rgb(36, 55, 241);\">Lehrinstituts Bauer<\/span> in M\u00fcnchen Deinen staatlich anerkannten Schulabschluss erreichst.<\/p>\n<p>Informiere Dich bei uns im kostenlosen Beratungsgespr\u00e4ch wie Du mit unser Hilfe ohne Dich unter Druck zu setzen sicher an Deinen Wunschabschluss kommst.<\/p>\n<p>Jedes Jahr vertrauen \u00fcber 100 Sch\u00fcler in unsere Leistung und kommen so ihrem Wunschziel n\u00e4her.<\/p>\n<ul>\n<li><strong><span style=\"color: rgb(36, 55, 241);\">frustbefreites<\/span><\/strong> Lehrkonzept ohne Versagens\u00e4ngste<\/li>\n<li>in <strong><span style=\"color: rgb(36, 55, 241);\">famili\u00e4rer Atmosph\u00e4re<\/span><\/strong> gut aufgenommen werden<\/li>\n<li>Schritt-f\u00fcr-Schritt <strong><span style=\"color: rgb(36, 55, 241);\">Deinem Wunsch-Schulabschluss<\/span><\/strong> erhalten und mehr Freizeit genie\u00dfen k\u00f6nnen<\/li>\n<li><strong><span style=\"color: rgb(36, 55, 241);\">keine Hausaufgaben am Abend<\/span><\/strong> durch Arbeits- \u00dcbungsstundenkonzept<\/li>\n<\/ul>\n<p style=\"color: rgb(216, 220, 235) !important; --tcb-applied-color:  rgb(216, 220, 235)  !important;\"><strong><u>Wichtige Information:<\/u><\/strong>&nbsp;Aufgrund der aktuell hohen Nachfrage&nbsp;<span style=\"color: rgb(216, 220, 235);\">f\u00fcr das Schuljahr 2020\/21 sind nur noch einzelne Restpl\u00e4tze frei.<\/span><\/p>\n<p style=\"color: rgb(216, 220, 235) !important; --tcb-applied-color:  rgb(216, 220, 235)  !important;\"><span style=\"color: rgb(216, 220, 235);\">Wir empfehlen Eltern und Sch\u00fclern zeitnah um ein Erstgespr\u00e4ch anzufragen!<\/span><\/p>\n<p style=\"text-align: center;\">Qualifizierender Mittelschulabschluss<\/p>\n<p style=\"text-align: left;\"><span style=\"color: rgb(216, 220, 235);\">&#8211; Ganztagsunterricht von 08:15 bis 15:30 Uhr<\/span><\/p>\n<p style=\"text-align: left;\"><span style=\"color: rgb(216, 220, 235);\"><span style=\"letter-spacing: 0px;\">&#8211; in nur einem Jahr zum &#8222;Quali&#8220;<\/span><\/span><\/p>\n<p style=\"text-align: left;\"><span style=\"color: rgb(216, 220, 235);\"><span style=\"letter-spacing: 0px;\">&#8211; nur 5 F\u00e4cher: Deutsch, Mathematik, Englisch, Kunst, Projektarbeit (Office)<\/span><\/span><\/p>\n<p style=\"text-align: left;\"><span style=\"letter-spacing: 0px; color: rgb(216, 220, 235);\">&#8211; keine Hausaufgaben<\/span><\/p>\n<p style=\"text-align: center; color: rgb(0, 32, 59) !important; --tcb-applied-color:  rgb(0, 32, 59)  !important;\">Mittlere Reife (Realschule)<\/p>\n<p style=\"text-align: center; color: rgb(0, 32, 59) !important; --tcb-applied-color:  rgb(0, 32, 59)  !important;\">(Kein M10-Abschluss!)<\/p>\n<p>&#8211; Ganztagsunterricht von 08:15 bis 17:15 Uhr<\/p>\n<p>&#8211; in nur einem Jahr zur &#8222;Mittleren Reife&#8220;<\/p>\n<p>&#8211; nur 7 F\u00e4cher: Deutsch, Mathematik, Englisch, Kunst (schriftlich); Biologie, Physik, Geschichte (m\u00fcndlich)<\/p>\n<p>&#8211; keine Hausaufgaben<\/p>\n<p style=\"text-align: center;\">Bayerisches Abitur (Gymnasium)<\/p>\n<p><span style=\"color: rgb(216, 220, 235);\">&#8211; Ganztagsunterricht von 08:15 bis 17:15 Uhr<\/span><\/p>\n<p><span style=\"color: rgb(216, 220, 235);\">&#8211; in nur zwei Jahren zum allgem. &#8222;Abitur&#8220;<\/span><\/p>\n<p><span style=\"color: rgb(216, 220, 235);\">&#8211; nur 8 F\u00e4cher: Deutsch, Mathematik, Kunst, Geschichte &nbsp;(schriftlich); Englisch, Franz\u00f6sisch, Biologie, Geographie (m\u00fcndlich)<\/span><\/p>\n<p><span style=\"color: rgb(216, 220, 235);\">&#8211; keine Hausaufgaben<\/span><\/p>\n<p style=\"text-align: center; color: rgb(36, 55, 241) !important; --tcb-applied-color:  rgb(36, 55, 241)  !important;\">Gute Bildung ist der Schl\u00fcssel zum Erfolg!<\/p>\n<p>Du kennst das bestimmt:<\/p>\n<p>Du stehst irgendwo zwischen der 9. und 12. Klasse\u2026&nbsp;<\/p>\n<p>Deine Leistung hat nachgelassen, weil Du es vers\u00e4umt hast f\u00fcr Klassenarbeiten zu lernen oder&nbsp;Deine Lehrer den Unterrichtsstoff nicht so vermittelt haben, dass er sich Dir verst\u00e4ndlich eingepr\u00e4gt hat.<\/p>\n<p>Oder Dir fehlt einfach noch das erforderliche Konzept, wie Du strukturiert lernst und Wissen abrufst, sodass&nbsp;Du in Klassenarbeiten und Pr\u00fcfungen genauso gute Noten schreibst, wie Deine Mitsch\u00fcler und Freunde es tun.<\/p>\n<p>Vielleicht erkennst Du mittlerweile, dass der Erfolg, den Du Dir w\u00fcnschst, Deine aktuelle Schule Dir nicht mehr bieten wird. Der Lehrstoff schreitet t\u00e4glich voran und du kommst einfach nicht mehr zurecht\u2026<\/p>\n<p><span style=\"color: rgb(216, 220, 235);\">Ganz ehrlich:<\/span><\/p>\n<p><span style=\"color: rgb(216, 220, 235);\">Wahrscheinlich \u00fcberlegst Du Dir trotzdem einfach so weiterzumachen wie bisher und die schlechten Noten in Kauf zu nehmen, weil du nicht als Versager dastehen willst und an den Mitsch\u00fclern dort h\u00e4ngst.<\/span><\/p>\n<p><span style=\"color: rgb(216, 220, 235);\">Tatsache ist:<\/span><\/p>\n<p><span style=\"color: rgb(216, 220, 235);\">Du stehst mit schlechten Noten da, aber bist in Wirklichkeit viel besser als viele in deinem Umfeld glauben. Dass Du in diese Situation gekommen bist, \u201cnicht mehr richtig mithalten zu k\u00f6nnen\u201c,&nbsp;<u>ist nicht Deine Schuld!<\/u><\/span><\/p>\n<p><span style=\"color: rgb(216, 220, 235);\">In Wirklichkeit:&nbsp;<\/span><\/p>\n<p><span style=\"color: rgb(216, 220, 235);\">Bisher hat Dir nie jemand in der Schule richtig beigebracht und vorgelebt, wie Du mit einem sinnvollen Konzept dauerhaft gute Noten erzielst und auf Klassenarbeiten immer gut vorbereitet bist.<\/span><\/p>\n<p><span style=\"color: rgb(216, 220, 235);\">Und vor allem wie Du genau das in Pr\u00fcfungsphasen motiviert wiedergeben kannst, was gefragt ist, ohne davor gro\u00dfartig auf Deine Freizeit verzichten zu m\u00fcssen. F\u00fcr uns ist die Schule der Ort, an dem gearbeitet werden muss!<\/span><\/p>\n<p><span style=\"color: rgb(216, 220, 235);\">Mit dem Bauer-Lehrkonzept wurde seit 1935 ein System stetig verfeinert, welches genau darauf ausgelegt ist, Dir den Schulabschluss zu erm\u00f6glichen, welchen Du Dir vorstellst.<\/span><\/p>\n<p><span style=\"color: rgb(216, 220, 235);\">Wenn Du also bereit bist, Dein Potential bestm\u00f6glich zu entwickeln, dann bist Du bei uns goldrichtig!<\/span><\/p>\n<p><span style=\"color: rgb(216, 220, 235);\">Aufgenommen in famili\u00e4rer Atmosph\u00e4re begleiten wir Dich sicher zur Mittleren Reife, zum \u201eQuali\u201c oder zum Abitur, und bereiten Dich bestm\u00f6glich auf Deine anstehende Zukunft vor.<\/span><\/p>\n<p><span style=\"color: rgb(216, 220, 235);\">\u00dcberzeuge Dich selbst und vereinbare jetzt bei unserem Experten ein kostenloses Beratungsgespr\u00e4ch.<\/span><\/p>\n","protected":false},"excerpt":{"rendered":"<p>089 \/ 26 71 37 [tcb_logo target=&#8217;_blank&#8216; href=&#8217;http:\/\/www.lehrinstitut.de&#8216; data-id-d=&#8217;2&#8242; data-css=&#8217;tve-u-170eee21d99&#8242; class=&#8220;][\/tcb_logo] Das Lehrinstitut Bauer seit 85 Jahren &#8211; M\u00fcnchens \u00e4lteste Privatschule &#8211; Wie Du als Abg\u00e4nger der staatlichen Schule mit dem privaten Lehrkonzept des Lehrinstituts Bauer in M\u00fcnchen Deinen staatlich anerkannten Schulabschluss erreichst. Informiere Dich bei uns im kostenlosen Beratungsgespr\u00e4ch wie Du mit unser Hilfe &hellip; <\/p>\n<p class=\"link-more\"><a href=\"https:\/\/lehrinstitut-muenchen.de\/\" class=\"more-link\"><span class=\"screen-reader-text\">\u201eLehrinstitut Bauer\u201c <\/span>weiterlesen<\/a><\/p>\n","protected":false},"author":1,"featured_media":0,"parent":0,"menu_order":0,"comment_status":"closed","ping_status":"open","template":"","meta":{"footnotes":""},"class_list":["post-2","page","type-page","status-publish","hentry"],"yoast_head":"<!-- This site is optimized with the Yoast SEO plugin v27.5 - https:\/\/yoast.com\/product\/yoast-seo-wordpress\/ -->\n<title>Lehrinstitut Bauer - Lehrinstitut-M<\/title>\n<meta name=\"robots\" content=\"index, follow, max-snippet:-1, max-image-preview:large, max-video-preview:-1\" \/>\n<link rel=\"canonical\" href=\"https:\/\/lehrinstitut-muenchen.de\/\" \/>\n<meta property=\"og:locale\" content=\"de_DE\" \/>\n<meta property=\"og:type\" content=\"article\" \/>\n<meta property=\"og:title\" content=\"Lehrinstitut Bauer - Lehrinstitut-M\" \/>\n<meta property=\"og:description\" content=\"089 \/ 26 71 37 [tcb_logo target=&#8217;_blank&#8216; href=&#8217;http:\/\/www.lehrinstitut.de&#8216; data-id-d=&#8217;2&#8242; data-css=&#8217;tve-u-170eee21d99&#8242; class=&#8220;][\/tcb_logo] Das Lehrinstitut Bauer seit 85 Jahren &#8211; M\u00fcnchens \u00e4lteste Privatschule &#8211; Wie Du als Abg\u00e4nger der staatlichen Schule mit dem privaten Lehrkonzept des Lehrinstituts Bauer in M\u00fcnchen Deinen staatlich anerkannten Schulabschluss erreichst. Informiere Dich bei uns im kostenlosen Beratungsgespr\u00e4ch wie Du mit unser Hilfe &hellip; \u201eLehrinstitut Bauer\u201c weiterlesen\" \/>\n<meta property=\"og:url\" content=\"https:\/\/lehrinstitut-muenchen.de\/\" \/>\n<meta property=\"og:site_name\" content=\"Lehrinstitut-M\" \/>\n<meta property=\"article:modified_time\" content=\"2020-04-01T17:35:21+00:00\" \/>\n<meta name=\"twitter:card\" content=\"summary_large_image\" \/>\n<meta name=\"twitter:label1\" content=\"Gesch\u00e4tzte Lesezeit\" \/>\n\t<meta name=\"twitter:data1\" content=\"3\u00a0Minuten\" \/>\n<script type=\"application\/ld+json\" class=\"yoast-schema-graph\">{\"@context\":\"https:\\\/\\\/schema.org\",\"@graph\":[{\"@type\":\"WebPage\",\"@id\":\"https:\\\/\\\/lehrinstitut-muenchen.de\\\/\",\"url\":\"https:\\\/\\\/lehrinstitut-muenchen.de\\\/\",\"name\":\"Lehrinstitut Bauer - Lehrinstitut-M\",\"isPartOf\":{\"@id\":\"https:\\\/\\\/lehrinstitut-muenchen.de\\\/#website\"},\"datePublished\":\"2016-05-10T03:48:21+00:00\",\"dateModified\":\"2020-04-01T17:35:21+00:00\",\"breadcrumb\":{\"@id\":\"https:\\\/\\\/lehrinstitut-muenchen.de\\\/#breadcrumb\"},\"inLanguage\":\"de\",\"potentialAction\":[{\"@type\":\"ReadAction\",\"target\":[\"https:\\\/\\\/lehrinstitut-muenchen.de\\\/\"]}]},{\"@type\":\"BreadcrumbList\",\"@id\":\"https:\\\/\\\/lehrinstitut-muenchen.de\\\/#breadcrumb\",\"itemListElement\":[{\"@type\":\"ListItem\",\"position\":1,\"name\":\"Startseite\",\"item\":\"https:\\\/\\\/lehrinstitut-muenchen.de\\\/\"},{\"@type\":\"ListItem\",\"position\":2,\"name\":\"Lehrinstitut Bauer\"}]},{\"@type\":\"WebSite\",\"@id\":\"https:\\\/\\\/lehrinstitut-muenchen.de\\\/#website\",\"url\":\"https:\\\/\\\/lehrinstitut-muenchen.de\\\/\",\"name\":\"Lehrinstitut-M\",\"description\":\"Just another WordPress site\",\"potentialAction\":[{\"@type\":\"SearchAction\",\"target\":{\"@type\":\"EntryPoint\",\"urlTemplate\":\"https:\\\/\\\/lehrinstitut-muenchen.de\\\/?s={search_term_string}\"},\"query-input\":{\"@type\":\"PropertyValueSpecification\",\"valueRequired\":true,\"valueName\":\"search_term_string\"}}],\"inLanguage\":\"de\"}]}<\/script>\n<!-- \/ Yoast SEO plugin. -->","yoast_head_json":{"title":"Lehrinstitut Bauer - Lehrinstitut-M","robots":{"index":"index","follow":"follow","max-snippet":"max-snippet:-1","max-image-preview":"max-image-preview:large","max-video-preview":"max-video-preview:-1"},"canonical":"https:\/\/lehrinstitut-muenchen.de\/","og_locale":"de_DE","og_type":"article","og_title":"Lehrinstitut Bauer - Lehrinstitut-M","og_description":"089 \/ 26 71 37 [tcb_logo target=&#8217;_blank&#8216; href=&#8217;http:\/\/www.lehrinstitut.de&#8216; data-id-d=&#8217;2&#8242; data-css=&#8217;tve-u-170eee21d99&#8242; class=&#8220;][\/tcb_logo] Das Lehrinstitut Bauer seit 85 Jahren &#8211; M\u00fcnchens \u00e4lteste Privatschule &#8211; Wie Du als Abg\u00e4nger der staatlichen Schule mit dem privaten Lehrkonzept des Lehrinstituts Bauer in M\u00fcnchen Deinen staatlich anerkannten Schulabschluss erreichst. Informiere Dich bei uns im kostenlosen Beratungsgespr\u00e4ch wie Du mit unser Hilfe &hellip; \u201eLehrinstitut Bauer\u201c weiterlesen","og_url":"https:\/\/lehrinstitut-muenchen.de\/","og_site_name":"Lehrinstitut-M","article_modified_time":"2020-04-01T17:35:21+00:00","twitter_card":"summary_large_image","twitter_misc":{"Gesch\u00e4tzte Lesezeit":"3\u00a0Minuten"},"schema":{"@context":"https:\/\/schema.org","@graph":[{"@type":"WebPage","@id":"https:\/\/lehrinstitut-muenchen.de\/","url":"https:\/\/lehrinstitut-muenchen.de\/","name":"Lehrinstitut Bauer - Lehrinstitut-M","isPartOf":{"@id":"https:\/\/lehrinstitut-muenchen.de\/#website"},"datePublished":"2016-05-10T03:48:21+00:00","dateModified":"2020-04-01T17:35:21+00:00","breadcrumb":{"@id":"https:\/\/lehrinstitut-muenchen.de\/#breadcrumb"},"inLanguage":"de","potentialAction":[{"@type":"ReadAction","target":["https:\/\/lehrinstitut-muenchen.de\/"]}]},{"@type":"BreadcrumbList","@id":"https:\/\/lehrinstitut-muenchen.de\/#breadcrumb","itemListElement":[{"@type":"ListItem","position":1,"name":"Startseite","item":"https:\/\/lehrinstitut-muenchen.de\/"},{"@type":"ListItem","position":2,"name":"Lehrinstitut Bauer"}]},{"@type":"WebSite","@id":"https:\/\/lehrinstitut-muenchen.de\/#website","url":"https:\/\/lehrinstitut-muenchen.de\/","name":"Lehrinstitut-M","description":"Just another WordPress site","potentialAction":[{"@type":"SearchAction","target":{"@type":"EntryPoint","urlTemplate":"https:\/\/lehrinstitut-muenchen.de\/?s={search_term_string}"},"query-input":{"@type":"PropertyValueSpecification","valueRequired":true,"valueName":"search_term_string"}}],"inLanguage":"de"}]}},"_links":{"self":[{"href":"https:\/\/lehrinstitut-muenchen.de\/index.php?rest_route=\/wp\/v2\/pages\/2","targetHints":{"allow":["GET"]}}],"collection":[{"href":"https:\/\/lehrinstitut-muenchen.de\/index.php?rest_route=\/wp\/v2\/pages"}],"about":[{"href":"https:\/\/lehrinstitut-muenchen.de\/index.php?rest_route=\/wp\/v2\/types\/page"}],"author":[{"embeddable":true,"href":"https:\/\/lehrinstitut-muenchen.de\/index.php?rest_route=\/wp\/v2\/users\/1"}],"replies":[{"embeddable":true,"href":"https:\/\/lehrinstitut-muenchen.de\/index.php?rest_route=%2Fwp%2Fv2%2Fcomments&post=2"}],"version-history":[{"count":52,"href":"https:\/\/lehrinstitut-muenchen.de\/index.php?rest_route=\/wp\/v2\/pages\/2\/revisions"}],"predecessor-version":[{"id":110,"href":"https:\/\/lehrinstitut-muenchen.de\/index.php?rest_route=\/wp\/v2\/pages\/2\/revisions\/110"}],"wp:attachment":[{"href":"https:\/\/lehrinstitut-muenchen.de\/index.php?rest_route=%2Fwp%2Fv2%2Fmedia&parent=2"}],"curies":[{"name":"wp","href":"https:\/\/api.w.org\/{rel}","templated":true}]}}